{"id":2141,"date":"2023-11-13T10:19:43","date_gmt":"2023-11-13T09:19:43","guid":{"rendered":"https:\/\/www.nebodafarms.com\/privacy-policy\/"},"modified":"2024-12-17T15:35:34","modified_gmt":"2024-12-17T14:35:34","slug":"privacy-policy","status":"publish","type":"page","link":"https:\/\/www.nebodafarms.com\/es\/privacy-policy\/","title":{"rendered":"Pol\u00edtica de privacidad"},"content":{"rendered":"\t\t<div data-elementor-type=\"wp-page\" data-elementor-id=\"2141\" class=\"elementor elementor-2141 elementor-3\">\n\t\t\t\t\t\t\t<div class=\"elementor-element elementor-element-21db1122 e-con-full e-flex e-con e-parent\" data-id=\"21db1122\" data-element_type=\"container\" data-settings=\"{&quot;content_width&quot;:&quot;full&quot;}\" data-core-v316-plus=\"true\">\n\t\t\t\t<div class=\"elementor-element elementor-element-1f00f2ff elementor-widget__width-inherit elementor-widget elementor-widget-text-editor\" data-id=\"1f00f2ff\" data-element_type=\"widget\" data-widget_type=\"text-editor.default\">\n\t\t\t\t<div class=\"elementor-widget-container\">\n\t\t\t<style>\/*! elementor - v3.17.0 - 08-11-2023 *\/\n.elementor-widget-text-editor.elementor-drop-cap-view-stacked .elementor-drop-cap{background-color:#69727d;color:#fff}.elementor-widget-text-editor.elementor-drop-cap-view-framed .elementor-drop-cap{color:#69727d;border:3px solid;background-color:transparent}.elementor-widget-text-editor:not(.elementor-drop-cap-view-default) .elementor-drop-cap{margin-top:8px}.elementor-widget-text-editor:not(.elementor-drop-cap-view-default) .elementor-drop-cap-letter{width:1em;height:1em}.elementor-widget-text-editor .elementor-drop-cap{float:left;text-align:center;line-height:1;font-size:50px}.elementor-widget-text-editor .elementor-drop-cap-letter{display:inline-block}<\/style>\t\t\t\t<h2><span data-mce-type=\"bookmark\" style=\"display: inline-block; width: 0px; overflow: hidden; line-height: 0;\" class=\"mce_SELRES_start\">\ufeff<\/span><\/h2>\n<h2 class=\"wp-block-heading\">Pol\u00edtica de Privacidad<\/h2>\nNo se recopilan datos personales de los usuarios a trav\u00e9s de este sitio web sin su conocimiento, ni se transfieren a terceros.\n\nEl sitio web puede contener enlaces a sitios web de terceros, cuyas pol\u00edticas de privacidad son ajenas a la de este sitio web. Al acceder a dichos sitios web, el usuario puede decidir si acepta sus pol\u00edticas de privacidad y cookies. En general, si navega por Internet, puede aceptar o rechazar las cookies de terceros desde las opciones de configuraci\u00f3n de su navegador.\n\nA continuaci\u00f3n, se presenta informaci\u00f3n b\u00e1sica sobre nuestra pol\u00edtica de privacidad:\n<h3>Responsable del tratamiento<\/h3>\nLos datos personales que puedan recopilarse directamente del usuario ser\u00e1n tratados de forma confidencial y se incorporar\u00e1n a la correspondiente actividad de tratamiento, propiedad de <a href=\"https:\/\/www.nebodafarms.com\/home\/\"><strong>N\u00e9boda Farms.<\/strong><\/a>\n<h3>Finalidad del tratamiento<\/h3>\nEl prop\u00f3sito del sitio web es proporcionar informaci\u00f3n sobre los productos y servicios relacionados con su actividad comercial. El usuario consiente expresamente que sus datos personales sean tratados para la transmisi\u00f3n de informaci\u00f3n de car\u00e1cter comercial por medios electr\u00f3nicos (por ejemplo: correo electr\u00f3nico, redes sociales\u2026 etc.).\n<h3>Legitimaci\u00f3n del tratamiento<\/h3>\nEl tratamiento de sus datos se lleva a cabo para el cumplimiento de la relaci\u00f3n contractual entre el usuario registrado y el titular de este sitio web, as\u00ed como cuando la finalidad del tratamiento requiera su consentimiento, para lo cual se han habilitado los formularios correspondientes, que deber\u00e1n ser proporcionados mediante una acci\u00f3n afirmativa clara (por ejemplo, aceptando la casilla correspondiente a la pol\u00edtica de privacidad).\n<h3>Conservaci\u00f3n de los datos<\/h3>\nLos datos personales proporcionados por los usuarios, ya sea a trav\u00e9s de los formularios de contacto o mediante el registro de usuarios en el sitio web, se conservar\u00e1n durante el tiempo necesario para cumplir con el prop\u00f3sito para el que se recogen y para determinar posibles responsabilidades que pudieran derivarse de dicha finalidad, adem\u00e1s de los plazos establecidos en la normativa sobre archivos y documentaci\u00f3n.\n<h3>Comunicaci\u00f3n de datos<\/h3>\nEn general, los datos personales no se comunicar\u00e1n a terceros, salvo que sea requerido por obligaci\u00f3n legal.\n<h3>Tratamiento de datos de menores<\/h3>\nLas personas mayores de 16 a\u00f1os pueden dar v\u00e1lidamente su consentimiento para el tratamiento de sus datos personales a trav\u00e9s de este sitio web.\n\nEl tratamiento de datos de menores de 16 a\u00f1os requiere el consentimiento de sus padres o tutores legales, el cual debe constar en los formularios de contacto.\n<h3>Derechos de los interesados<\/h3>\nPuede ejercer sus derechos de acceso, rectificaci\u00f3n, supresi\u00f3n, oposici\u00f3n y limitaci\u00f3n del tratamiento y portabilidad de sus datos, as\u00ed como no ser objeto de decisiones basadas \u00fanicamente en el tratamiento automatizado de sus datos, cuando proceda, ante la Agencia Espa\u00f1ola de Protecci\u00f3n de Datos, mediante el buz\u00f3n de correo en <strong>Estrada Fragosi\u00f1o 32, Nave 2. CP: 36214. Vigo<\/strong> o en la direcci\u00f3n de correo electr\u00f3nico <strong><a href=\"neboda@nebodafarms.com\" target=\"_blank\" rel=\"noopener\">neboda@nebodafarms.com<\/a><\/strong>\n\t\t\t\t\t\t<\/div>\n\t\t\t\t<\/div>\n\t\t\t\t<\/div>\n\t\t<div class=\"elementor-element elementor-element-aa6a0af e-flex e-con-boxed e-con e-parent\" data-id=\"aa6a0af\" data-element_type=\"container\" data-settings=\"{&quot;content_width&quot;:&quot;boxed&quot;}\" data-core-v316-plus=\"true\">\n\t\t\t\t\t<div class=\"e-con-inner\">\n\t\t\t\t\t<\/div>\n\t\t\t\t<\/div>\n\t\t\t\t\t\t\t<\/div>\n\t\t","protected":false},"excerpt":{"rendered":"<div class=\"entry-summary\">\n\ufeff Pol\u00edtica de Privacidad No se recopilan datos personales de los usuarios a trav\u00e9s de este sitio web sin su conocimiento, ni se transfieren a terceros. El sitio web puede contener enlaces a sitios web de terceros, cuyas pol\u00edticas de&hellip;\n<\/div>\n<div class=\"link-more\"><a href=\"https:\/\/www.nebodafarms.com\/es\/privacy-policy\/\" class=\"more-link\">Continue reading<span class=\"screen-reader-text\"> &ldquo;Pol\u00edtica de privacidad&rdquo;<\/span>&hellip;<\/a><\/div>\n","protected":false},"author":1,"featured_media":0,"parent":0,"menu_order":0,"comment_status":"closed","ping_status":"open","template":"elementor_header_footer","meta":{"footnotes":""},"class_list":["post-2141","page","type-page","status-publish","hentry","entry"],"acf":[],"yoast_head":"<!-- This site is optimized with the Yoast SEO plugin v21.5 - https:\/\/yoast.com\/wordpress\/plugins\/seo\/ -->\n<title>Pol\u00edtica de privacidad | Neboda<\/title>\n<meta name=\"description\" content=\"We are an indoor vertical farming company that combines a scientific approach and an industrial automation background.\" \/>\n<meta name=\"robots\" content=\"noindex, follow\" \/>\n<meta property=\"og:locale\" content=\"es_ES\" \/>\n<meta property=\"og:type\" content=\"article\" \/>\n<meta property=\"og:title\" content=\"Pol\u00edtica de privacidad | Neboda\" \/>\n<meta property=\"og:description\" content=\"We are an indoor vertical farming company that combines a scientific approach and an industrial automation background.\" \/>\n<meta property=\"og:url\" content=\"https:\/\/www.nebodafarms.com\/es\/privacy-policy\/\" \/>\n<meta property=\"og:site_name\" content=\"Neboda\" \/>\n<meta property=\"article:modified_time\" content=\"2024-12-17T14:35:34+00:00\" \/>\n<meta name=\"twitter:card\" content=\"summary_large_image\" \/>\n<meta name=\"twitter:label1\" content=\"Tiempo de lectura\" \/>\n\t<meta name=\"twitter:data1\" content=\"3 minutos\" \/>\n<script type=\"application\/ld+json\" class=\"yoast-schema-graph\">{\"@context\":\"https:\/\/schema.org\",\"@graph\":[{\"@type\":\"WebPage\",\"@id\":\"https:\/\/www.nebodafarms.com\/es\/privacy-policy\/\",\"url\":\"https:\/\/www.nebodafarms.com\/es\/privacy-policy\/\",\"name\":\"Pol\u00edtica de privacidad | Neboda\",\"isPartOf\":{\"@id\":\"https:\/\/www.nebodafarms.com\/#website\"},\"datePublished\":\"2023-11-13T09:19:43+00:00\",\"dateModified\":\"2024-12-17T14:35:34+00:00\",\"description\":\"We are an indoor vertical farming company that combines a scientific approach and an industrial automation background.\",\"breadcrumb\":{\"@id\":\"https:\/\/www.nebodafarms.com\/es\/privacy-policy\/#breadcrumb\"},\"inLanguage\":\"es\",\"potentialAction\":[{\"@type\":\"ReadAction\",\"target\":[\"https:\/\/www.nebodafarms.com\/es\/privacy-policy\/\"]}]},{\"@type\":\"BreadcrumbList\",\"@id\":\"https:\/\/www.nebodafarms.com\/es\/privacy-policy\/#breadcrumb\",\"itemListElement\":[{\"@type\":\"ListItem\",\"position\":1,\"name\":\"Home\",\"item\":\"https:\/\/www.nebodafarms.com\/\"},{\"@type\":\"ListItem\",\"position\":2,\"name\":\"Pol\u00edtica de privacidad\"}]},{\"@type\":\"WebSite\",\"@id\":\"https:\/\/www.nebodafarms.com\/#website\",\"url\":\"https:\/\/www.nebodafarms.com\/\",\"name\":\"Neboda\",\"description\":\"Agricultura vertical de interior\",\"publisher\":{\"@id\":\"https:\/\/www.nebodafarms.com\/#organization\"},\"potentialAction\":[{\"@type\":\"SearchAction\",\"target\":{\"@type\":\"EntryPoint\",\"urlTemplate\":\"https:\/\/www.nebodafarms.com\/?s={search_term_string}\"},\"query-input\":\"required name=search_term_string\"}],\"inLanguage\":\"es\"},{\"@type\":\"Organization\",\"@id\":\"https:\/\/www.nebodafarms.com\/#organization\",\"name\":\"Neboda\",\"url\":\"https:\/\/www.nebodafarms.com\/\",\"logo\":{\"@type\":\"ImageObject\",\"inLanguage\":\"es\",\"@id\":\"https:\/\/www.nebodafarms.com\/#\/schema\/logo\/image\/\",\"url\":\"https:\/\/www.nebodafarms.com\/wp-content\/uploads\/2023\/11\/logo.svg\",\"contentUrl\":\"https:\/\/www.nebodafarms.com\/wp-content\/uploads\/2023\/11\/logo.svg\",\"width\":1213,\"height\":255,\"caption\":\"Neboda\"},\"image\":{\"@id\":\"https:\/\/www.nebodafarms.com\/#\/schema\/logo\/image\/\"},\"sameAs\":[\"https:\/\/www.linkedin.com\/company\/neboda-farms\/\"]}]}<\/script>\n<!-- \/ Yoast SEO plugin. -->","yoast_head_json":{"title":"Pol\u00edtica de privacidad | Neboda","description":"We are an indoor vertical farming company that combines a scientific approach and an industrial automation background.","robots":{"index":"noindex","follow":"follow"},"og_locale":"es_ES","og_type":"article","og_title":"Pol\u00edtica de privacidad | Neboda","og_description":"We are an indoor vertical farming company that combines a scientific approach and an industrial automation background.","og_url":"https:\/\/www.nebodafarms.com\/es\/privacy-policy\/","og_site_name":"Neboda","article_modified_time":"2024-12-17T14:35:34+00:00","twitter_card":"summary_large_image","twitter_misc":{"Tiempo de lectura":"3 minutos"},"schema":{"@context":"https:\/\/schema.org","@graph":[{"@type":"WebPage","@id":"https:\/\/www.nebodafarms.com\/es\/privacy-policy\/","url":"https:\/\/www.nebodafarms.com\/es\/privacy-policy\/","name":"Pol\u00edtica de privacidad | Neboda","isPartOf":{"@id":"https:\/\/www.nebodafarms.com\/#website"},"datePublished":"2023-11-13T09:19:43+00:00","dateModified":"2024-12-17T14:35:34+00:00","description":"We are an indoor vertical farming company that combines a scientific approach and an industrial automation background.","breadcrumb":{"@id":"https:\/\/www.nebodafarms.com\/es\/privacy-policy\/#breadcrumb"},"inLanguage":"es","potentialAction":[{"@type":"ReadAction","target":["https:\/\/www.nebodafarms.com\/es\/privacy-policy\/"]}]},{"@type":"BreadcrumbList","@id":"https:\/\/www.nebodafarms.com\/es\/privacy-policy\/#breadcrumb","itemListElement":[{"@type":"ListItem","position":1,"name":"Home","item":"https:\/\/www.nebodafarms.com\/"},{"@type":"ListItem","position":2,"name":"Pol\u00edtica de privacidad"}]},{"@type":"WebSite","@id":"https:\/\/www.nebodafarms.com\/#website","url":"https:\/\/www.nebodafarms.com\/","name":"Neboda","description":"Agricultura vertical de interior","publisher":{"@id":"https:\/\/www.nebodafarms.com\/#organization"},"potentialAction":[{"@type":"SearchAction","target":{"@type":"EntryPoint","urlTemplate":"https:\/\/www.nebodafarms.com\/?s={search_term_string}"},"query-input":"required name=search_term_string"}],"inLanguage":"es"},{"@type":"Organization","@id":"https:\/\/www.nebodafarms.com\/#organization","name":"Neboda","url":"https:\/\/www.nebodafarms.com\/","logo":{"@type":"ImageObject","inLanguage":"es","@id":"https:\/\/www.nebodafarms.com\/#\/schema\/logo\/image\/","url":"https:\/\/www.nebodafarms.com\/wp-content\/uploads\/2023\/11\/logo.svg","contentUrl":"https:\/\/www.nebodafarms.com\/wp-content\/uploads\/2023\/11\/logo.svg","width":1213,"height":255,"caption":"Neboda"},"image":{"@id":"https:\/\/www.nebodafarms.com\/#\/schema\/logo\/image\/"},"sameAs":["https:\/\/www.linkedin.com\/company\/neboda-farms\/"]}]}},"_links":{"self":[{"href":"https:\/\/www.nebodafarms.com\/es\/wp-json\/wp\/v2\/pages\/2141","targetHints":{"allow":["GET"]}}],"collection":[{"href":"https:\/\/www.nebodafarms.com\/es\/wp-json\/wp\/v2\/pages"}],"about":[{"href":"https:\/\/www.nebodafarms.com\/es\/wp-json\/wp\/v2\/types\/page"}],"author":[{"embeddable":true,"href":"https:\/\/www.nebodafarms.com\/es\/wp-json\/wp\/v2\/users\/1"}],"replies":[{"embeddable":true,"href":"https:\/\/www.nebodafarms.com\/es\/wp-json\/wp\/v2\/comments?post=2141"}],"version-history":[{"count":4,"href":"https:\/\/www.nebodafarms.com\/es\/wp-json\/wp\/v2\/pages\/2141\/revisions"}],"predecessor-version":[{"id":2330,"href":"https:\/\/www.nebodafarms.com\/es\/wp-json\/wp\/v2\/pages\/2141\/revisions\/2330"}],"wp:attachment":[{"href":"https:\/\/www.nebodafarms.com\/es\/wp-json\/wp\/v2\/media?parent=2141"}],"curies":[{"name":"wp","href":"https:\/\/api.w.org\/{rel}","templated":true}]}}