{"id":2140,"date":"2023-11-20T16:18:30","date_gmt":"2023-11-20T15:18:30","guid":{"rendered":"https:\/\/www.nebodafarms.com\/legal-notice\/"},"modified":"2024-12-17T14:34:05","modified_gmt":"2024-12-17T13:34:05","slug":"legal-notice","status":"publish","type":"page","link":"https:\/\/www.nebodafarms.com\/es\/legal-notice\/","title":{"rendered":"Aviso legal"},"content":{"rendered":"\t\t<div data-elementor-type=\"wp-page\" data-elementor-id=\"2140\" class=\"elementor elementor-2140 elementor-486\">\n\t\t\t\t\t\t\t<div class=\"elementor-element elementor-element-21db1122 e-con-full e-flex e-con e-parent\" data-id=\"21db1122\" data-element_type=\"container\" data-settings=\"{&quot;content_width&quot;:&quot;full&quot;}\" data-core-v316-plus=\"true\">\n\t\t\t\t<div class=\"elementor-element elementor-element-1f00f2ff elementor-widget__width-inherit elementor-widget elementor-widget-text-editor\" data-id=\"1f00f2ff\" data-element_type=\"widget\" data-widget_type=\"text-editor.default\">\n\t\t\t\t<div class=\"elementor-widget-container\">\n\t\t\t<style>\/*! elementor - v3.17.0 - 08-11-2023 *\/\n.elementor-widget-text-editor.elementor-drop-cap-view-stacked .elementor-drop-cap{background-color:#69727d;color:#fff}.elementor-widget-text-editor.elementor-drop-cap-view-framed .elementor-drop-cap{color:#69727d;border:3px solid;background-color:transparent}.elementor-widget-text-editor:not(.elementor-drop-cap-view-default) .elementor-drop-cap{margin-top:8px}.elementor-widget-text-editor:not(.elementor-drop-cap-view-default) .elementor-drop-cap-letter{width:1em;height:1em}.elementor-widget-text-editor .elementor-drop-cap{float:left;text-align:center;line-height:1;font-size:50px}.elementor-widget-text-editor .elementor-drop-cap-letter{display:inline-block}<\/style>\t\t\t\t<h2><span data-mce-type=\"bookmark\" style=\"display: inline-block; width: 0px; overflow: hidden; line-height: 0;\" class=\"mce_SELRES_start\">\ufeff<\/span>\u00a0<\/h2>\n<h2 class=\"wp-block-heading\">Aviso Legal<\/h2>\n<p><strong>N\u00e9boda Farms<\/strong>, como responsable de este sitio web, pone a disposici\u00f3n de los usuarios este documento con el objetivo de cumplir con las obligaciones dispuestas en la Ley 34\/2002, de Servicios de la Sociedad de la Informaci\u00f3n (LSSI). En particular, y de conformidad con lo previsto en el art\u00edculo 10 de dicha ley, este sitio web ofrece a los usuarios o destinatarios del servicio y a los \u00f3rganos competentes, la siguiente informaci\u00f3n de manera permanente, f\u00e1cil, directa y gratuita.<\/p>\n<p>\n    Propietario del sitio web: <b>N\u00e9boda Farms<\/b><br \/>\n    NIF: <strong>B94187028<\/strong><br \/>\n    Direcci\u00f3n a efectos de notificaciones: \n    <a href=\"https:\/\/maps.app.goo.gl\/g8J88mnf95o4t2ux6\"><strong>Estrada Fragosi\u00f1o, 32, Nave 2, S\u00e1rdoma, 36214 Vigo, Pontevedra<\/strong><\/a><br \/>\n    Correo electr\u00f3nico para notificaciones: <strong><a href=\"mailto:neboda@nebodafarms.com\" target=\"_blank\" rel=\"noreferrer noopener\">neboda@nebodafarms.com<\/a><\/strong><br \/>\n    Nombre del dominio web: <a href=\"https:\/\/www.nebodafarms.com\/\"><strong>www.nebodafarms.com<\/strong><\/a><br \/>\n    Contacto: <strong>615461403<\/strong>\n<\/p>\n<h3>R\u00e9gimen de autorizaci\u00f3n administrativa previa<\/h3>\n<p>La actividad desarrollada a trav\u00e9s de esta p\u00e1gina web no est\u00e1 sujeta a un r\u00e9gimen de autorizaci\u00f3n administrativa previa, conforme al art\u00edculo 6 de la Ley 34\/2002 de Servicios de la Sociedad de la Informaci\u00f3n y del Comercio Electr\u00f3nico (LSSI).<\/p>\n<h3 class=\"wp-block-heading\">Responsabilidad sobre el contenido<\/h3>\n<p>El propietario no se responsabiliza de ning\u00fan da\u00f1o directo o indirecto que pueda derivarse de la exactitud, integridad o correcci\u00f3n de dicha informaci\u00f3n, ni del uso de los contenidos o elementos de este sitio web.<\/p>\n<h3 class=\"wp-block-heading\">Responsabilidad por enlaces e informaci\u00f3n de terceros<\/h3>\n<p>El propietario declara que puede incluir informaci\u00f3n sobre terceros para complementar la informaci\u00f3n de sus servicios.<\/p>\n<p>En cumplimiento del art\u00edculo 17 de la Ley 34\/2002 de Servicios de la Sociedad de la Informaci\u00f3n y del Comercio Electr\u00f3nico (LSSI), este sitio web declara que no es responsable de los enlaces proporcionados a otros contenidos o que est\u00e1n incluidos en sus directorios o herramientas de b\u00fasqueda de contenidos:<\/p>\n<p>A menos que tenga conocimiento efectivo de que la actividad o informaci\u00f3n a la que se refieren o recomiendan es il\u00edcita o que perjudica los bienes o derechos de un tercero susceptibles de indemnizaci\u00f3n.<\/p>\n<p>O que act\u00fae con diligencia para suprimir o inutilizar el enlace correspondiente.<\/p>\n<h3 class=\"wp-block-heading\">Responsabilidad por el funcionamiento del sitio web<\/h3>\n<p>El uso o la navegaci\u00f3n en el sitio web no implica la obligaci\u00f3n de registro del usuario, siendo necesario \u00fanicamente para solicitar informaci\u00f3n. Las condiciones de acceso y uso del sitio web del propietario est\u00e1n estrictamente regidas por la legislaci\u00f3n vigente y por el principio de buena fe, comprometi\u00e9ndose el usuario a hacer un buen uso del sitio web. Por lo tanto, quedan prohibidos todos los actos que violen la legalidad, los derechos o intereses de terceros.<\/p>\n<h3 class=\"wp-block-heading\">Finalidad del sitio web<\/h3>\n<p>La finalidad del sitio web es proporcionar informaci\u00f3n sobre las actividades realizadas por el propietario y los socios del proyecto.<\/p>\n<h3 class=\"wp-block-heading\">Propiedad Intelectual<\/h3>\n<p>El propietario ostenta los derechos de propiedad intelectual sobre los contenidos o elementos de este sitio web, o cuenta con las autorizaciones necesarias para su uso. Cualquier acci\u00f3n que implique la reproducci\u00f3n, comunicaci\u00f3n p\u00fablica, distribuci\u00f3n o transformaci\u00f3n, as\u00ed como cualquier otra forma de explotaci\u00f3n econ\u00f3mica de todo o parte de dichos contenidos o elementos, realizada por cualquier forma o medio, requerir\u00e1 el consentimiento previo por escrito del propietario, salvo que el usuario pueda demostrar que dispone del derecho de propiedad intelectual correspondiente o de la autorizaci\u00f3n necesaria.<\/p>\n<p>Para realizar cualquier observaci\u00f3n respecto a posibles infracciones de derechos de propiedad intelectual o industrial, as\u00ed como respecto a cualquiera de los contenidos del sitio web, puede hacerlo enviando un correo electr\u00f3nico a <strong><a href=\"mailto:neboda@nebodafarms.com\" target=\"_blank\" rel=\"noreferrer noopener\">neboda@nebodafarms.com<\/a><\/strong>.<\/p>\n<h3 class=\"wp-block-heading\">Aceptaci\u00f3n y modificaciones del aviso legal<\/h3>\n<p>El propietario podr\u00e1 realizar las modificaciones que considere necesarias en el contenido de este sitio web sin previo aviso, tanto en lo que respecta a la informaci\u00f3n sobre sus productos o servicios como a cualquier otro elemento que forme parte de este sitio web. El contenido de este sitio web es informativo, por lo que el propietario no garantiza la exactitud, integridad o veracidad de la informaci\u00f3n, ya sea propia o de terceros, contenida en este sitio web. Los usuarios que deseen solicitar informaci\u00f3n a trav\u00e9s de este sitio web deber\u00e1n leer y aceptar las disposiciones de este aviso.<\/p>\n<h3 class=\"wp-block-heading\">Juzgado competente y legislaci\u00f3n aplicable<\/h3>\n<p>En caso de cualquier discrepancia derivada de los productos y servicios ofrecidos por el propietario, ser\u00e1n competentes los Juzgados y Tribunales de la ciudad de Vigo, siempre que esta sumisi\u00f3n expresa sea permitida, salvo que otro fuero corresponda por la condici\u00f3n del usuario como consumidor.<\/p>\n\t\t\t\t\t\t<\/div>\n\t\t\t\t<\/div>\n\t\t\t\t<\/div>\n\t\t<div class=\"elementor-element elementor-element-aa6a0af e-flex e-con-boxed e-con e-parent\" data-id=\"aa6a0af\" data-element_type=\"container\" data-settings=\"{&quot;content_width&quot;:&quot;boxed&quot;}\" data-core-v316-plus=\"true\">\n\t\t\t\t\t<div class=\"e-con-inner\">\n\t\t\t\t\t<\/div>\n\t\t\t\t<\/div>\n\t\t\t\t\t\t\t<\/div>\n\t\t","protected":false},"excerpt":{"rendered":"<div class=\"entry-summary\">\n\ufeff\u00a0 Aviso Legal N\u00e9boda Farms, como responsable de este sitio web, pone a disposici\u00f3n de los usuarios este documento con el objetivo de cumplir con las obligaciones dispuestas en la Ley 34\/2002, de Servicios de la Sociedad de la Informaci\u00f3n&hellip;\n<\/div>\n<div class=\"link-more\"><a href=\"https:\/\/www.nebodafarms.com\/es\/legal-notice\/\" class=\"more-link\">Continue reading<span class=\"screen-reader-text\"> &ldquo;Aviso legal&rdquo;<\/span>&hellip;<\/a><\/div>\n","protected":false},"author":1,"featured_media":0,"parent":0,"menu_order":0,"comment_status":"closed","ping_status":"closed","template":"elementor_header_footer","meta":{"footnotes":""},"class_list":["post-2140","page","type-page","status-publish","hentry","entry"],"acf":[],"yoast_head":"<!-- This site is optimized with the Yoast SEO plugin v21.5 - https:\/\/yoast.com\/wordpress\/plugins\/seo\/ -->\n<title>Aviso legal | Neboda<\/title>\n<meta name=\"description\" content=\"We are an indoor vertical farming company that combines a scientific approach and an industrial automation background.\" \/>\n<meta name=\"robots\" content=\"noindex, follow\" \/>\n<meta property=\"og:locale\" content=\"es_ES\" \/>\n<meta property=\"og:type\" content=\"article\" \/>\n<meta property=\"og:title\" content=\"Aviso legal | Neboda\" \/>\n<meta property=\"og:description\" content=\"We are an indoor vertical farming company that combines a scientific approach and an industrial automation background.\" \/>\n<meta property=\"og:url\" content=\"https:\/\/www.nebodafarms.com\/es\/legal-notice\/\" \/>\n<meta property=\"og:site_name\" content=\"Neboda\" \/>\n<meta property=\"article:modified_time\" content=\"2024-12-17T13:34:05+00:00\" \/>\n<meta name=\"twitter:card\" content=\"summary_large_image\" \/>\n<meta name=\"twitter:label1\" content=\"Tiempo de lectura\" \/>\n\t<meta name=\"twitter:data1\" content=\"4 minutos\" \/>\n<script type=\"application\/ld+json\" class=\"yoast-schema-graph\">{\"@context\":\"https:\/\/schema.org\",\"@graph\":[{\"@type\":\"WebPage\",\"@id\":\"https:\/\/www.nebodafarms.com\/es\/legal-notice\/\",\"url\":\"https:\/\/www.nebodafarms.com\/es\/legal-notice\/\",\"name\":\"Aviso legal | Neboda\",\"isPartOf\":{\"@id\":\"https:\/\/www.nebodafarms.com\/#website\"},\"datePublished\":\"2023-11-20T15:18:30+00:00\",\"dateModified\":\"2024-12-17T13:34:05+00:00\",\"description\":\"We are an indoor vertical farming company that combines a scientific approach and an industrial automation background.\",\"breadcrumb\":{\"@id\":\"https:\/\/www.nebodafarms.com\/es\/legal-notice\/#breadcrumb\"},\"inLanguage\":\"es\",\"potentialAction\":[{\"@type\":\"ReadAction\",\"target\":[\"https:\/\/www.nebodafarms.com\/es\/legal-notice\/\"]}]},{\"@type\":\"BreadcrumbList\",\"@id\":\"https:\/\/www.nebodafarms.com\/es\/legal-notice\/#breadcrumb\",\"itemListElement\":[{\"@type\":\"ListItem\",\"position\":1,\"name\":\"Home\",\"item\":\"https:\/\/www.nebodafarms.com\/\"},{\"@type\":\"ListItem\",\"position\":2,\"name\":\"Aviso legal\"}]},{\"@type\":\"WebSite\",\"@id\":\"https:\/\/www.nebodafarms.com\/#website\",\"url\":\"https:\/\/www.nebodafarms.com\/\",\"name\":\"Neboda\",\"description\":\"Agricultura vertical de interior\",\"publisher\":{\"@id\":\"https:\/\/www.nebodafarms.com\/#organization\"},\"potentialAction\":[{\"@type\":\"SearchAction\",\"target\":{\"@type\":\"EntryPoint\",\"urlTemplate\":\"https:\/\/www.nebodafarms.com\/?s={search_term_string}\"},\"query-input\":\"required name=search_term_string\"}],\"inLanguage\":\"es\"},{\"@type\":\"Organization\",\"@id\":\"https:\/\/www.nebodafarms.com\/#organization\",\"name\":\"Neboda\",\"url\":\"https:\/\/www.nebodafarms.com\/\",\"logo\":{\"@type\":\"ImageObject\",\"inLanguage\":\"es\",\"@id\":\"https:\/\/www.nebodafarms.com\/#\/schema\/logo\/image\/\",\"url\":\"https:\/\/www.nebodafarms.com\/wp-content\/uploads\/2023\/11\/logo.svg\",\"contentUrl\":\"https:\/\/www.nebodafarms.com\/wp-content\/uploads\/2023\/11\/logo.svg\",\"width\":1213,\"height\":255,\"caption\":\"Neboda\"},\"image\":{\"@id\":\"https:\/\/www.nebodafarms.com\/#\/schema\/logo\/image\/\"},\"sameAs\":[\"https:\/\/www.linkedin.com\/company\/neboda-farms\/\"]}]}<\/script>\n<!-- \/ Yoast SEO plugin. -->","yoast_head_json":{"title":"Aviso legal | Neboda","description":"We are an indoor vertical farming company that combines a scientific approach and an industrial automation background.","robots":{"index":"noindex","follow":"follow"},"og_locale":"es_ES","og_type":"article","og_title":"Aviso legal | Neboda","og_description":"We are an indoor vertical farming company that combines a scientific approach and an industrial automation background.","og_url":"https:\/\/www.nebodafarms.com\/es\/legal-notice\/","og_site_name":"Neboda","article_modified_time":"2024-12-17T13:34:05+00:00","twitter_card":"summary_large_image","twitter_misc":{"Tiempo de lectura":"4 minutos"},"schema":{"@context":"https:\/\/schema.org","@graph":[{"@type":"WebPage","@id":"https:\/\/www.nebodafarms.com\/es\/legal-notice\/","url":"https:\/\/www.nebodafarms.com\/es\/legal-notice\/","name":"Aviso legal | Neboda","isPartOf":{"@id":"https:\/\/www.nebodafarms.com\/#website"},"datePublished":"2023-11-20T15:18:30+00:00","dateModified":"2024-12-17T13:34:05+00:00","description":"We are an indoor vertical farming company that combines a scientific approach and an industrial automation background.","breadcrumb":{"@id":"https:\/\/www.nebodafarms.com\/es\/legal-notice\/#breadcrumb"},"inLanguage":"es","potentialAction":[{"@type":"ReadAction","target":["https:\/\/www.nebodafarms.com\/es\/legal-notice\/"]}]},{"@type":"BreadcrumbList","@id":"https:\/\/www.nebodafarms.com\/es\/legal-notice\/#breadcrumb","itemListElement":[{"@type":"ListItem","position":1,"name":"Home","item":"https:\/\/www.nebodafarms.com\/"},{"@type":"ListItem","position":2,"name":"Aviso legal"}]},{"@type":"WebSite","@id":"https:\/\/www.nebodafarms.com\/#website","url":"https:\/\/www.nebodafarms.com\/","name":"Neboda","description":"Agricultura vertical de interior","publisher":{"@id":"https:\/\/www.nebodafarms.com\/#organization"},"potentialAction":[{"@type":"SearchAction","target":{"@type":"EntryPoint","urlTemplate":"https:\/\/www.nebodafarms.com\/?s={search_term_string}"},"query-input":"required name=search_term_string"}],"inLanguage":"es"},{"@type":"Organization","@id":"https:\/\/www.nebodafarms.com\/#organization","name":"Neboda","url":"https:\/\/www.nebodafarms.com\/","logo":{"@type":"ImageObject","inLanguage":"es","@id":"https:\/\/www.nebodafarms.com\/#\/schema\/logo\/image\/","url":"https:\/\/www.nebodafarms.com\/wp-content\/uploads\/2023\/11\/logo.svg","contentUrl":"https:\/\/www.nebodafarms.com\/wp-content\/uploads\/2023\/11\/logo.svg","width":1213,"height":255,"caption":"Neboda"},"image":{"@id":"https:\/\/www.nebodafarms.com\/#\/schema\/logo\/image\/"},"sameAs":["https:\/\/www.linkedin.com\/company\/neboda-farms\/"]}]}},"_links":{"self":[{"href":"https:\/\/www.nebodafarms.com\/es\/wp-json\/wp\/v2\/pages\/2140","targetHints":{"allow":["GET"]}}],"collection":[{"href":"https:\/\/www.nebodafarms.com\/es\/wp-json\/wp\/v2\/pages"}],"about":[{"href":"https:\/\/www.nebodafarms.com\/es\/wp-json\/wp\/v2\/types\/page"}],"author":[{"embeddable":true,"href":"https:\/\/www.nebodafarms.com\/es\/wp-json\/wp\/v2\/users\/1"}],"replies":[{"embeddable":true,"href":"https:\/\/www.nebodafarms.com\/es\/wp-json\/wp\/v2\/comments?post=2140"}],"version-history":[{"count":5,"href":"https:\/\/www.nebodafarms.com\/es\/wp-json\/wp\/v2\/pages\/2140\/revisions"}],"predecessor-version":[{"id":2361,"href":"https:\/\/www.nebodafarms.com\/es\/wp-json\/wp\/v2\/pages\/2140\/revisions\/2361"}],"wp:attachment":[{"href":"https:\/\/www.nebodafarms.com\/es\/wp-json\/wp\/v2\/media?parent=2140"}],"curies":[{"name":"wp","href":"https:\/\/api.w.org\/{rel}","templated":true}]}}