{"id":2139,"date":"2023-11-20T16:23:06","date_gmt":"2023-11-20T15:23:06","guid":{"rendered":"https:\/\/www.nebodafarms.com\/cookies\/"},"modified":"2024-12-17T14:39:41","modified_gmt":"2024-12-17T13:39:41","slug":"cookies","status":"publish","type":"page","link":"https:\/\/www.nebodafarms.com\/es\/cookies\/","title":{"rendered":"Cookies"},"content":{"rendered":"\t\t<div data-elementor-type=\"wp-page\" data-elementor-id=\"2139\" class=\"elementor elementor-2139 elementor-491\">\n\t\t\t\t\t\t\t<div class=\"elementor-element elementor-element-21db1122 e-con-full e-flex e-con e-parent\" data-id=\"21db1122\" data-element_type=\"container\" data-settings=\"{&quot;content_width&quot;:&quot;full&quot;}\" data-core-v316-plus=\"true\">\n\t\t\t\t<div class=\"elementor-element elementor-element-1f00f2ff elementor-widget__width-inherit elementor-widget elementor-widget-text-editor\" data-id=\"1f00f2ff\" data-element_type=\"widget\" data-widget_type=\"text-editor.default\">\n\t\t\t\t<div class=\"elementor-widget-container\">\n\t\t\t<style>\/*! elementor - v3.17.0 - 08-11-2023 *\/\n.elementor-widget-text-editor.elementor-drop-cap-view-stacked .elementor-drop-cap{background-color:#69727d;color:#fff}.elementor-widget-text-editor.elementor-drop-cap-view-framed .elementor-drop-cap{color:#69727d;border:3px solid;background-color:transparent}.elementor-widget-text-editor:not(.elementor-drop-cap-view-default) .elementor-drop-cap{margin-top:8px}.elementor-widget-text-editor:not(.elementor-drop-cap-view-default) .elementor-drop-cap-letter{width:1em;height:1em}.elementor-widget-text-editor .elementor-drop-cap{float:left;text-align:center;line-height:1;font-size:50px}.elementor-widget-text-editor .elementor-drop-cap-letter{display:inline-block}<\/style>\t\t\t\t<h2>\u00bfQu\u00e9 son las cookies?<\/h2>\n<p>Las cookies son archivos almacenados por las p\u00e1ginas web en los navegadores del usuario, las cuales contienen datos de sesi\u00f3n que pueden ser de utilidad m\u00e1s adelante en la misma p\u00e1gina web. Estos datos, que se guardan en las cookies, permiten mantener la informaci\u00f3n de navegaci\u00f3n entre las diferentes p\u00e1ginas del sitio Web, al tiempo que analizan la forma de interactuar con este, de forma que puede identificarse una preferencia de usuario.<\/p>\n\n<h2>Descripci\u00f3n de las cookies<\/h2>\n<dl>\n\t<dt>Cookies t\u00e9cnicas:<\/dt>\n\t<dd>Son aqu\u00e9llas que permiten al usuario la navegaci\u00f3n a trav\u00e9s de una p\u00e1gina web, plataforma o aplicaci\u00f3n y la utilizaci\u00f3n de las diferentes opciones o servicios que en ella existan como, por ejemplo, controlar el tr\u00e1fico y la comunicaci\u00f3n de datos, identificar la sesi\u00f3n, acceder a partes de acceso restringido, recordar los elementos que integran un pedido, realizar el proceso de compra de un pedido, utilizar elementos de seguridad durante la navegaci\u00f3n o compartir contenidos a trav\u00e9s de redes sociales.<\/dd>\n\t<dt>Cookies de personalizaci\u00f3n:<\/dt> \n\t<dd>Son aqu\u00e9llas que permiten al usuario acceder al servicio con algunas caracter\u00edsticas de car\u00e1cter general predefinidas en funci\u00f3n de una serie de criterios en el terminal del usuario como por ejemplo serian el idioma, el tipo de navegador a trav\u00e9s del cual accede al servicio, la configuraci\u00f3n regional desde donde accede al servicio, etc.<\/dd>\n\t<dt>Cookies de sesi\u00f3n:<\/dt>\n\t<dd>son cookies temporales que permanecen en el archivo de cookies del navegador hasta que se abandona la p\u00e1gina web. Se suele emplear para analizar pautas de tr\u00e1fico en la web. A la larga, esto permite proporcionar una mejor experiencia para mejorar el contenido y facilitar su uso.<\/dd>\n\t<dt>Cookies de an\u00e1lisis:<\/dt> <dd>Son aqu\u00e9llas que bien tratadas por nosotros o por terceros, nos permiten cuantificar el n\u00famero de usuarios y as\u00ed realizar la medici\u00f3n y an\u00e1lisis estad\u00edstico de la utilizaci\u00f3n que hacen los usuarios del servicio ofertado. Para ello se analiza su navegaci\u00f3n en nuestra p\u00e1gina web con el fin de mejorar la oferta de productos o servicios que le ofrecemos.<\/dd>\n<\/dl>\n\n<h2>\u00bfQu\u00e9 cookies utilizamos en este sitio web?<\/h2>\n<div class=\"cky-audit-table-element\"><\/div>\n\n<h2>\u00bfC\u00f3mo deshabilitar las cookies?<\/h2>\n\n<a class=\"cky-banner-element btn btn-primary\">Ajustes de cookies<\/a> <br\/>\n\n<p>Puede cambiar sus preferencias de cookies en cualquier momento haciendo clic en el bot\u00f3n de arriba. Esto le permitir\u00e1 volver a visitar el banner de consentimiento de cookies y cambiar sus preferencias o retirar su consentimiento de inmediato. <\/p> \n<p>Adem\u00e1s de esto, los diferentes navegadores brindan diferentes m\u00e9todos para bloquear y eliminar las cookies utilizadas por los sitios web. Puede cambiar la configuraci\u00f3n de su navegador para bloquear\/eliminar las cookies. A continuaci\u00f3n se enumeran los enlaces a los documentos de soporte sobre c\u00f3mo administrar y eliminar las cookies de los principales navegadores web:<\/p>\n<ul>\n\t<li><a target=\"_blank\" rel=\"noopener noreferrer nofollow\" href=\"https:\/\/support.microsoft.com\/en-us\/topic\/how-to-delete-cookie-files-in-internet-explorer-bca9446f-d873-78de-77ba-d42645fa52fc\"><strong>Internet Explorer<\/strong><\/a><\/li>\n\t<li><a target=\"_blank\" rel=\"noopener noreferrer nofollow\" href=\"https:\/\/support.mozilla.org\/en-US\/kb\/clear-cookies-and-site-data-firefox?redirectslug=delete-cookies-remove-info-websites-stored&#038;redirectlocale=en-US\"><strong>Mozilla Firefox<\/strong><\/a><\/li>\n\t<li><a target=\"_blank\" rel=\"noopener noreferrer nofollow\" href=\"https:\/\/support.google.com\/accounts\/answer\/32050\"><strong>Google Chrome<\/strong><\/a><\/li>\n\t<li><a target=\"_blank\" rel=\"noopener noreferrer nofollow\" href=\"https:\/\/support.apple.com\/en-in\/guide\/safari\/sfri11471\/mac\"><strong>Safari<\/strong><\/a><\/li>\n\t<li><a target=\"_blank\" rel=\"noopener noreferrer nofollow\" href=\"https:\/\/www.opera.com\/help\/tutorials\/security\/privacy\/\"><strong>Opera<\/strong><\/a><\/li>\n<\/ul>\n\n<p>Si est\u00e1 utilizando cualquier otro navegador web, visite los documentos de soporte oficiales de su navegador.<\/p>\t\t\t\t\t\t<\/div>\n\t\t\t\t<\/div>\n\t\t\t\t<\/div>\n\t\t<div class=\"elementor-element elementor-element-aa6a0af e-flex e-con-boxed e-con e-parent\" data-id=\"aa6a0af\" data-element_type=\"container\" data-settings=\"{&quot;content_width&quot;:&quot;boxed&quot;}\" data-core-v316-plus=\"true\">\n\t\t\t\t\t<div class=\"e-con-inner\">\n\t\t\t\t\t<\/div>\n\t\t\t\t<\/div>\n\t\t\t\t\t\t\t<\/div>\n\t\t","protected":false},"excerpt":{"rendered":"<div class=\"entry-summary\">\n\u00bfQu\u00e9 son las cookies? Las cookies son archivos almacenados por las p\u00e1ginas web en los navegadores del usuario, las cuales contienen datos de sesi\u00f3n que pueden ser de utilidad m\u00e1s adelante en la misma p\u00e1gina web. Estos datos, que se&hellip;\n<\/div>\n<div class=\"link-more\"><a href=\"https:\/\/www.nebodafarms.com\/es\/cookies\/\" class=\"more-link\">Continue reading<span class=\"screen-reader-text\"> &ldquo;Cookies&rdquo;<\/span>&hellip;<\/a><\/div>\n","protected":false},"author":1,"featured_media":0,"parent":0,"menu_order":0,"comment_status":"closed","ping_status":"closed","template":"elementor_header_footer","meta":{"footnotes":""},"class_list":["post-2139","page","type-page","status-publish","hentry","entry"],"acf":[],"yoast_head":"<!-- This site is optimized with the Yoast SEO plugin v21.5 - https:\/\/yoast.com\/wordpress\/plugins\/seo\/ -->\n<title>Cookies | Neboda<\/title>\n<meta name=\"description\" content=\"We are an indoor vertical farming company that combines a scientific approach and an industrial automation background.\" \/>\n<meta name=\"robots\" content=\"noindex, follow\" \/>\n<meta property=\"og:locale\" content=\"es_ES\" \/>\n<meta property=\"og:type\" content=\"article\" \/>\n<meta property=\"og:title\" content=\"Cookies | Neboda\" \/>\n<meta property=\"og:description\" content=\"We are an indoor vertical farming company that combines a scientific approach and an industrial automation background.\" \/>\n<meta property=\"og:url\" content=\"https:\/\/www.nebodafarms.com\/es\/cookies\/\" \/>\n<meta property=\"og:site_name\" content=\"Neboda\" \/>\n<meta property=\"article:modified_time\" content=\"2024-12-17T13:39:41+00:00\" \/>\n<meta name=\"twitter:card\" content=\"summary_large_image\" \/>\n<meta name=\"twitter:label1\" content=\"Tiempo de lectura\" \/>\n\t<meta name=\"twitter:data1\" content=\"3 minutos\" \/>\n<script type=\"application\/ld+json\" class=\"yoast-schema-graph\">{\"@context\":\"https:\/\/schema.org\",\"@graph\":[{\"@type\":\"WebPage\",\"@id\":\"https:\/\/www.nebodafarms.com\/es\/cookies\/\",\"url\":\"https:\/\/www.nebodafarms.com\/es\/cookies\/\",\"name\":\"Cookies | Neboda\",\"isPartOf\":{\"@id\":\"https:\/\/www.nebodafarms.com\/#website\"},\"datePublished\":\"2023-11-20T15:23:06+00:00\",\"dateModified\":\"2024-12-17T13:39:41+00:00\",\"description\":\"We are an indoor vertical farming company that combines a scientific approach and an industrial automation background.\",\"breadcrumb\":{\"@id\":\"https:\/\/www.nebodafarms.com\/es\/cookies\/#breadcrumb\"},\"inLanguage\":\"es\",\"potentialAction\":[{\"@type\":\"ReadAction\",\"target\":[\"https:\/\/www.nebodafarms.com\/es\/cookies\/\"]}]},{\"@type\":\"BreadcrumbList\",\"@id\":\"https:\/\/www.nebodafarms.com\/es\/cookies\/#breadcrumb\",\"itemListElement\":[{\"@type\":\"ListItem\",\"position\":1,\"name\":\"Home\",\"item\":\"https:\/\/www.nebodafarms.com\/\"},{\"@type\":\"ListItem\",\"position\":2,\"name\":\"Cookies\"}]},{\"@type\":\"WebSite\",\"@id\":\"https:\/\/www.nebodafarms.com\/#website\",\"url\":\"https:\/\/www.nebodafarms.com\/\",\"name\":\"Neboda\",\"description\":\"Agricultura vertical de interior\",\"publisher\":{\"@id\":\"https:\/\/www.nebodafarms.com\/#organization\"},\"potentialAction\":[{\"@type\":\"SearchAction\",\"target\":{\"@type\":\"EntryPoint\",\"urlTemplate\":\"https:\/\/www.nebodafarms.com\/?s={search_term_string}\"},\"query-input\":\"required name=search_term_string\"}],\"inLanguage\":\"es\"},{\"@type\":\"Organization\",\"@id\":\"https:\/\/www.nebodafarms.com\/#organization\",\"name\":\"Neboda\",\"url\":\"https:\/\/www.nebodafarms.com\/\",\"logo\":{\"@type\":\"ImageObject\",\"inLanguage\":\"es\",\"@id\":\"https:\/\/www.nebodafarms.com\/#\/schema\/logo\/image\/\",\"url\":\"https:\/\/www.nebodafarms.com\/wp-content\/uploads\/2023\/11\/logo.svg\",\"contentUrl\":\"https:\/\/www.nebodafarms.com\/wp-content\/uploads\/2023\/11\/logo.svg\",\"width\":1213,\"height\":255,\"caption\":\"Neboda\"},\"image\":{\"@id\":\"https:\/\/www.nebodafarms.com\/#\/schema\/logo\/image\/\"},\"sameAs\":[\"https:\/\/www.linkedin.com\/company\/neboda-farms\/\"]}]}<\/script>\n<!-- \/ Yoast SEO plugin. -->","yoast_head_json":{"title":"Cookies | Neboda","description":"We are an indoor vertical farming company that combines a scientific approach and an industrial automation background.","robots":{"index":"noindex","follow":"follow"},"og_locale":"es_ES","og_type":"article","og_title":"Cookies | Neboda","og_description":"We are an indoor vertical farming company that combines a scientific approach and an industrial automation background.","og_url":"https:\/\/www.nebodafarms.com\/es\/cookies\/","og_site_name":"Neboda","article_modified_time":"2024-12-17T13:39:41+00:00","twitter_card":"summary_large_image","twitter_misc":{"Tiempo de lectura":"3 minutos"},"schema":{"@context":"https:\/\/schema.org","@graph":[{"@type":"WebPage","@id":"https:\/\/www.nebodafarms.com\/es\/cookies\/","url":"https:\/\/www.nebodafarms.com\/es\/cookies\/","name":"Cookies | Neboda","isPartOf":{"@id":"https:\/\/www.nebodafarms.com\/#website"},"datePublished":"2023-11-20T15:23:06+00:00","dateModified":"2024-12-17T13:39:41+00:00","description":"We are an indoor vertical farming company that combines a scientific approach and an industrial automation background.","breadcrumb":{"@id":"https:\/\/www.nebodafarms.com\/es\/cookies\/#breadcrumb"},"inLanguage":"es","potentialAction":[{"@type":"ReadAction","target":["https:\/\/www.nebodafarms.com\/es\/cookies\/"]}]},{"@type":"BreadcrumbList","@id":"https:\/\/www.nebodafarms.com\/es\/cookies\/#breadcrumb","itemListElement":[{"@type":"ListItem","position":1,"name":"Home","item":"https:\/\/www.nebodafarms.com\/"},{"@type":"ListItem","position":2,"name":"Cookies"}]},{"@type":"WebSite","@id":"https:\/\/www.nebodafarms.com\/#website","url":"https:\/\/www.nebodafarms.com\/","name":"Neboda","description":"Agricultura vertical de interior","publisher":{"@id":"https:\/\/www.nebodafarms.com\/#organization"},"potentialAction":[{"@type":"SearchAction","target":{"@type":"EntryPoint","urlTemplate":"https:\/\/www.nebodafarms.com\/?s={search_term_string}"},"query-input":"required name=search_term_string"}],"inLanguage":"es"},{"@type":"Organization","@id":"https:\/\/www.nebodafarms.com\/#organization","name":"Neboda","url":"https:\/\/www.nebodafarms.com\/","logo":{"@type":"ImageObject","inLanguage":"es","@id":"https:\/\/www.nebodafarms.com\/#\/schema\/logo\/image\/","url":"https:\/\/www.nebodafarms.com\/wp-content\/uploads\/2023\/11\/logo.svg","contentUrl":"https:\/\/www.nebodafarms.com\/wp-content\/uploads\/2023\/11\/logo.svg","width":1213,"height":255,"caption":"Neboda"},"image":{"@id":"https:\/\/www.nebodafarms.com\/#\/schema\/logo\/image\/"},"sameAs":["https:\/\/www.linkedin.com\/company\/neboda-farms\/"]}]}},"_links":{"self":[{"href":"https:\/\/www.nebodafarms.com\/es\/wp-json\/wp\/v2\/pages\/2139","targetHints":{"allow":["GET"]}}],"collection":[{"href":"https:\/\/www.nebodafarms.com\/es\/wp-json\/wp\/v2\/pages"}],"about":[{"href":"https:\/\/www.nebodafarms.com\/es\/wp-json\/wp\/v2\/types\/page"}],"author":[{"embeddable":true,"href":"https:\/\/www.nebodafarms.com\/es\/wp-json\/wp\/v2\/users\/1"}],"replies":[{"embeddable":true,"href":"https:\/\/www.nebodafarms.com\/es\/wp-json\/wp\/v2\/comments?post=2139"}],"version-history":[{"count":6,"href":"https:\/\/www.nebodafarms.com\/es\/wp-json\/wp\/v2\/pages\/2139\/revisions"}],"predecessor-version":[{"id":2317,"href":"https:\/\/www.nebodafarms.com\/es\/wp-json\/wp\/v2\/pages\/2139\/revisions\/2317"}],"wp:attachment":[{"href":"https:\/\/www.nebodafarms.com\/es\/wp-json\/wp\/v2\/media?parent=2139"}],"curies":[{"name":"wp","href":"https:\/\/api.w.org\/{rel}","templated":true}]}}